{"id":66,"date":"2021-02-01T01:52:46","date_gmt":"2021-02-01T00:52:46","guid":{"rendered":"http:\/\/fin4business.cz?page_id=66"},"modified":"2025-05-31T18:30:10","modified_gmt":"2025-05-31T16:30:10","slug":"media","status":"publish","type":"page","link":"https:\/\/fin4business.cz\/index.php\/media\/","title":{"rendered":"M\u00e9dia"},"content":{"rendered":"\n<p><a rel=\"noreferrer noopener\" aria-label=\"Rozhovor s\u00a0Pavlem R\u00e1li\u0161em v\u00a0\u010dasopise \u201efresh TIME Prosperita\u201c (b\u0159ezen 2021) (otev\u0159e se na nov\u00e9 z\u00e1lo\u017ece)\" href=\"https:\/\/www.freshtime.cz\/2021\/03\/fin4business-jako-nova-znacka-uspechu-na-uverovem-trhu\/\" target=\"_blank\"><strong>Rozhovor s\u00a0Pavlem R\u00e1li\u0161em v\u00a0\u010dasopise \u201efresh TIME Prosperita\u201c (b\u0159ezen 2021)<\/strong><\/a><\/p>\n\n\n\n<div class=\"wp-block-columns is-layout-flex wp-container-core-columns-is-layout-9d6595d7 wp-block-columns-is-layout-flex\">\n<div class=\"wp-block-column is-layout-flow wp-block-column-is-layout-flow\">\n<figure class=\"wp-block-image size-large is-style-default\"><a href=\"https:\/\/www.freshtime.cz\/2021\/03\/fin4business-jako-nova-znacka-uspechu-na-uverovem-trhu\/\" target=\"_blank\" rel=\"noreferrer noopener\"><img decoding=\"async\" src=\"http:\/\/fin4business.cz\/wp-content\/uploads\/2021\/03\/fresh_07-page-001-1.jpg\" alt=\"\" class=\"wp-image-217\"\/><\/a><\/figure>\n<\/div>\n\n\n\n<div class=\"wp-block-column is-layout-flow wp-block-column-is-layout-flow\"><\/div>\n<\/div>\n\n\n\n<p><a rel=\"noreferrer noopener\" aria-label=\" (otev\u0159e se na nov\u00e9 z\u00e1lo\u017ece)\" href=\"https:\/\/www.freshtime.cz\/2020\/11\/potreboval-jsem-novy-impulz-do-dalsi-profesni-kariery\/\" target=\"_blank\"><strong>Rozhovor s\u00a0Pavlem R\u00e1li\u0161em v\u00a0\u010dasopisu \u201efresh TIME Prosperita\u201c (listopad 2020)<\/strong><\/a><\/p>\n\n\n\n<div class=\"wp-block-columns is-layout-flex wp-container-core-columns-is-layout-9d6595d7 wp-block-columns-is-layout-flex\">\n<div class=\"wp-block-column is-layout-flow wp-block-column-is-layout-flow\">\n<figure class=\"wp-block-image size-large is-style-default\"><a href=\"https:\/\/www.freshtime.cz\/2020\/11\/potreboval-jsem-novy-impulz-do-dalsi-profesni-kariery\/\" target=\"_blank\" rel=\"noreferrer noopener\"><img decoding=\"async\" src=\"http:\/\/fin4business.cz\/wp-content\/uploads\/2021\/03\/Prosperita_1.jpg\" alt=\"\" class=\"wp-image-71\"\/><\/a><\/figure>\n<\/div>\n\n\n\n<div class=\"wp-block-column is-layout-flow wp-block-column-is-layout-flow\">\n<figure class=\"wp-block-image size-large is-style-default\"><a href=\"https:\/\/www.freshtime.cz\/2020\/11\/potreboval-jsem-novy-impulz-do-dalsi-profesni-kariery\/\" target=\"_blank\" rel=\"noreferrer noopener\"><img decoding=\"async\" src=\"http:\/\/fin4business.cz\/wp-content\/uploads\/2021\/03\/Prosperita_2a-719x1024.jpg\" alt=\"\" class=\"wp-image-99\"\/><\/a><\/figure>\n<\/div>\n<\/div>\n\n\n\n<p><\/p>\n","protected":false},"excerpt":{"rendered":"<p>Rozhovor s\u00a0Pavlem R\u00e1li\u0161em v\u00a0\u010dasopise \u201efresh TIME Prosperita\u201c (b\u0159ezen 2021) Rozhovor s\u00a0Pavlem R\u00e1li\u0161em v\u00a0\u010dasopisu \u201efresh TIME Prosperita\u201c (listopad 2020)<\/p>\n","protected":false},"author":1,"featured_media":0,"parent":0,"menu_order":0,"comment_status":"closed","ping_status":"closed","template":"","meta":{"footnotes":""},"class_list":["post-66","page","type-page","status-publish","hentry","entry"],"_links":{"self":[{"href":"https:\/\/fin4business.cz\/index.php\/wp-json\/wp\/v2\/pages\/66","targetHints":{"allow":["GET"]}}],"collection":[{"href":"https:\/\/fin4business.cz\/index.php\/wp-json\/wp\/v2\/pages"}],"about":[{"href":"https:\/\/fin4business.cz\/index.php\/wp-json\/wp\/v2\/types\/page"}],"author":[{"embeddable":true,"href":"https:\/\/fin4business.cz\/index.php\/wp-json\/wp\/v2\/users\/1"}],"replies":[{"embeddable":true,"href":"https:\/\/fin4business.cz\/index.php\/wp-json\/wp\/v2\/comments?post=66"}],"version-history":[{"count":29,"href":"https:\/\/fin4business.cz\/index.php\/wp-json\/wp\/v2\/pages\/66\/revisions"}],"predecessor-version":[{"id":593,"href":"https:\/\/fin4business.cz\/index.php\/wp-json\/wp\/v2\/pages\/66\/revisions\/593"}],"wp:attachment":[{"href":"https:\/\/fin4business.cz\/index.php\/wp-json\/wp\/v2\/media?parent=66"}],"curies":[{"name":"wp","href":"https:\/\/api.w.org\/{rel}","templated":true}]}}